{"id":923,"date":"2025-07-15T00:55:01","date_gmt":"2025-07-15T00:55:01","guid":{"rendered":"https:\/\/pruebaweb14072025.es\/?page_id=923"},"modified":"2026-02-01T16:15:50","modified_gmt":"2026-02-01T16:15:50","slug":"soluciones","status":"publish","type":"page","link":"https:\/\/apuntosl.es\/en\/soluciones\/","title":{"rendered":"Solutions"},"content":{"rendered":"<div class=\"wp-block-uagb-container uagb-block-3021433a default uagb-is-root-container\"><div class=\"uagb-container__shape uagb-container__shape-bottom uagb-container__shape-above-content uagb-container__invert\" data-negative=\"false\"><svg xmlns=\"https:\/\/www.w3.org\/2000\/svg\" viewbox=\"0 0 2600 131.1\" preserveaspectratio=\"none\"><path class=\"uagb-container__shape-fill\" d=\"M0 0L2600 0 2600 69.1 0 0z\"><\/path><path class=\"uagb-container__shape-fill\" opacity=\"0.5\" d=\"M0 0L2600 0 2600 69.1 0 69.1z\"><\/path><path class=\"uagb-container__shape-fill\" opacity=\"0.25\" d=\"M2600 0L0 0 0 130.1 2600 69.1z\"><\/path><\/svg><\/div>\n<section class=\"hero-soluciones\">\n  <div class=\"hero-text fade-up\">\n    <h1>Solutions<\/h1>\n    <p>\n      We design customized research solutions to understand,\nanalyze, and transform data into strategic decisions.\n    <\/p>\n    <a href=\"http:\/\/apuntosl.es\/en\/contacto\/\" class=\"hero-btn\">Let's begin<\/a>\n  <\/div>\n<\/section>\n<\/div>\n\n\n\n<section class=\"card fade-up delay-1\">\n  <h2 class=\"circle-title\">Market research<\/h2>\n  <p class=\"card-description\">\n    We design and conduct qualitative and quantitative studies to understand behaviors,\n    motivations, and decisions in real market contexts.\n  <\/p>\n\n  <div class=\"card-columns\">\n    <div class=\"card-column\">\n      <h3 class=\"card-subtitle\">Qualitative<\/h3>\n      <ul>\n        <li>Group meetings \/ focus groups<\/li>\n        <li>Ethnographic and in-depth interviews<\/li>\n        <li>Participant observation and note-taking<\/li>\n        <li>Reception of participants<\/li>\n        <li>V\u00eddeo streaming<\/li>\n        <li>Catering<\/li>\n      <\/ul>\n    <\/div>\n\n    <div class=\"card-column\">\n      <h3 class=\"card-subtitle\">Quantitative<\/h3>\n      <ul>\n        <li>Face-to-face interview (F2F), CAPI<\/li>\n        <li>Hall test (in dedicated rooms)<\/li>\n        <li>Product and design testing<\/li>\n        <li>Mystery shopper<\/li>\n        <li>Quality audits<\/li>\n      <\/ul>\n    <\/div>\n  <\/div>\n<\/section>\n\n\n\n<section class=\"card fade-up delay-2\">\n  <h2 class=\"circle-title\">Social research<\/h2>\n  <p class=\"card-description\">\n    Studies aimed at understanding social, territorial, and cultural dynamics to support\n  informed public and social decisions.\n  <\/p>\n\n  <div class=\"card-columns\">\n    <div class=\"card-column\">\n      <h3 class=\"card-subtitle\">Qualitative<\/h3>\n      <ul>\n        <li>Interview design<\/li>\n        <li>Profile design<\/li>\n        <li>Production in our own theaters<\/li>\n        <li>Transcripci\u00f3n, codificaci\u00f3n y an\u00e1lisis<\/li>\n      <\/ul>\n    <\/div>\n\n    <div class=\"card-column\">\n      <h3 class=\"card-subtitle\">Quantitative<\/h3>\n      <ul>\n        <li>Questionnaire design<\/li>\n        <li>Sample design<\/li>\n        <li>Questionnaire scheduling<\/li>\n        <li>Analysis of results<\/li>\n      <\/ul>\n    <\/div>\n  <\/div>\n<\/section>\n\n\n\n<div class=\"wp-block-uagb-container uagb-block-348876f2 default uagb-is-root-container\"><div class=\"uagb-container__shape uagb-container__shape-top uagb-container__shape-above-content\"><svg xmlns=\"https:\/\/www.w3.org\/2000\/svg\" viewbox=\"0 0 2600 131.1\" preserveaspectratio=\"none\"><path class=\"uagb-container__shape-fill\" d=\"M0 0L2600 0 2600 69.1 0 0z\"><\/path><path class=\"uagb-container__shape-fill\" opacity=\"0.5\" d=\"M0 0L2600 0 2600 69.1 0 69.1z\"><\/path><path class=\"uagb-container__shape-fill\" opacity=\"0.25\" d=\"M2600 0L0 0 0 130.1 2600 69.1z\"><\/path><\/svg><\/div>\n<section class=\"cta-home\">\n  <div class=\"cta-text\">\n    <h1>We help you turn data into results<\/h1>\n    <p>\n      From strategy to execution: methodology, operational experience, and rigorous analysis.\n    <\/p>\n    <a href=\"http:\/\/apuntosl.es\/en\/contacto\/\" class=\"cta-btn\">Let's begin<\/a>\n  <\/div>\n<\/section>\n<\/div>\n\n\n\n<script>\n  document.addEventListener('DOMContentLoaded', () => {\n    const animatedElements = document.querySelectorAll('.fade-up');\n\n    const observer = new IntersectionObserver(\n      (entries, observer) => {\n        entries.forEach(entry => {\n          if (entry.isIntersecting) {\n            entry.target.classList.add('is-visible');\n            observer.unobserve(entry.target); \/\/ se anima solo una vez\n          }\n        });\n      },\n      {\n        threshold: 0.2 \/\/ % del elemento visible para activar\n      }\n    );\n\n    animatedElements.forEach(el => observer.observe(el));\n  });\n<\/script>","protected":false},"excerpt":{"rendered":"<p>Soluciones Dise\u00f1amos soluciones de investigaci\u00f3n a medida para comprender, analizar y transformar datos en decisiones estrat\u00e9gicas. Comencemos Estudios de mercado [&hellip;]<\/p>\n","protected":false},"author":1,"featured_media":0,"parent":0,"menu_order":0,"comment_status":"closed","ping_status":"closed","template":"","meta":{"_uag_custom_page_level_css":"","site-sidebar-layout":"no-sidebar","site-content-layout":"","ast-site-content-layout":"full-width-container","site-content-style":"unboxed","site-sidebar-style":"default","ast-global-header-display":"","ast-banner-title-visibility":"","ast-main-header-display":"","ast-hfb-above-header-display":"","ast-hfb-below-header-display":"","ast-hfb-mobile-header-display":"","site-post-title":"disabled","ast-breadcrumbs-content":"","ast-featured-img":"","footer-sml-layout":"","theme-transparent-header-meta":"","adv-header-id-meta":"","stick-header-meta":"","header-above-stick-meta":"","header-main-stick-meta":"","header-below-stick-meta":"","astra-migrate-meta-layouts":"default","ast-page-background-enabled":"default","ast-page-background-meta":{"desktop":{"background-color":"var(--ast-global-color-4)","background-image":"","background-repeat":"repeat","background-position":"center center","background-size":"auto","background-attachment":"scroll","background-type":"","background-media":"","overlay-type":"","overlay-color":"","overlay-opacity":"","overlay-gradient":""},"tablet":{"background-color":"","background-image":"","background-repeat":"repeat","background-position":"center center","background-size":"auto","background-attachment":"scroll","background-type":"","background-media":"","overlay-type":"","overlay-color":"","overlay-opacity":"","overlay-gradient":""},"mobile":{"background-color":"","background-image":"","background-repeat":"repeat","background-position":"center center","background-size":"auto","background-attachment":"scroll","background-type":"","background-media":"","overlay-type":"","overlay-color":"","overlay-opacity":"","overlay-gradient":""}},"ast-content-background-meta":{"desktop":{"background-color":"var(--ast-global-color-5)","background-image":"","background-repeat":"repeat","background-position":"center center","background-size":"auto","background-attachment":"scroll","background-type":"","background-media":"","overlay-type":"","overlay-color":"","overlay-opacity":"","overlay-gradient":""},"tablet":{"background-color":"var(--ast-global-color-5)","background-image":"","background-repeat":"repeat","background-position":"center center","background-size":"auto","background-attachment":"scroll","background-type":"","background-media":"","overlay-type":"","overlay-color":"","overlay-opacity":"","overlay-gradient":""},"mobile":{"background-color":"var(--ast-global-color-5)","background-image":"","background-repeat":"repeat","background-position":"center center","background-size":"auto","background-attachment":"scroll","background-type":"","background-media":"","overlay-type":"","overlay-color":"","overlay-opacity":"","overlay-gradient":""}},"footnotes":""},"class_list":["post-923","page","type-page","status-publish","hentry"],"uagb_featured_image_src":{"full":false,"thumbnail":false,"medium":false,"medium_large":false,"large":false,"1536x1536":false,"2048x2048":false,"trp-custom-language-flag":false},"uagb_author_info":{"display_name":"admin","author_link":"https:\/\/apuntosl.es\/en\/author\/pruebaweb14072025\/"},"uagb_comment_info":0,"uagb_excerpt":"Soluciones Dise\u00f1amos soluciones de investigaci\u00f3n a medida para comprender, analizar y transformar datos en decisiones estrat\u00e9gicas. Comencemos Estudios de mercado [&hellip;]","_links":{"self":[{"href":"https:\/\/apuntosl.es\/en\/wp-json\/wp\/v2\/pages\/923","targetHints":{"allow":["GET"]}}],"collection":[{"href":"https:\/\/apuntosl.es\/en\/wp-json\/wp\/v2\/pages"}],"about":[{"href":"https:\/\/apuntosl.es\/en\/wp-json\/wp\/v2\/types\/page"}],"author":[{"embeddable":true,"href":"https:\/\/apuntosl.es\/en\/wp-json\/wp\/v2\/users\/1"}],"replies":[{"embeddable":true,"href":"https:\/\/apuntosl.es\/en\/wp-json\/wp\/v2\/comments?post=923"}],"version-history":[{"count":65,"href":"https:\/\/apuntosl.es\/en\/wp-json\/wp\/v2\/pages\/923\/revisions"}],"predecessor-version":[{"id":1855,"href":"https:\/\/apuntosl.es\/en\/wp-json\/wp\/v2\/pages\/923\/revisions\/1855"}],"wp:attachment":[{"href":"https:\/\/apuntosl.es\/en\/wp-json\/wp\/v2\/media?parent=923"}],"curies":[{"name":"wp","href":"https:\/\/api.w.org\/{rel}","templated":true}]}}